{"id":8366,"date":"2023-06-22T08:00:54","date_gmt":"2023-06-22T08:00:54","guid":{"rendered":"http:\/\/185.94.230.102\/~euroquip\/politique-de-confidentialite\/"},"modified":"2023-06-22T08:05:16","modified_gmt":"2023-06-22T08:05:16","slug":"politique-de-confidentialite","status":"publish","type":"page","link":"https:\/\/www.euroquip.be\/fr\/politique-de-confidentialite\/","title":{"rendered":"Politique de confidentialit\u00e9"},"content":{"rendered":"<div class=\"fusion-fullwidth fullwidth-box fusion-builder-row-1 fusion-flex-container has-pattern-background has-mask-background nonhundred-percent-fullwidth non-hundred-percent-height-scrolling\" style=\"--awb-border-radius-top-left:0px;--awb-border-radius-top-right:0px;--awb-border-radius-bottom-right:0px;--awb-border-radius-bottom-left:0px;--awb-flex-wrap:wrap;\" ><div class=\"fusion-builder-row fusion-row fusion-flex-align-items-flex-start fusion-flex-content-wrap\" style=\"max-width:1216.8px;margin-left: calc(-4% \/ 2 );margin-right: calc(-4% \/ 2 );\"><div class=\"fusion-layout-column fusion_builder_column fusion-builder-column-0 fusion_builder_column_1_1 1_1 fusion-flex-column\" style=\"--awb-bg-size:cover;--awb-width-large:100%;--awb-margin-top-large:0px;--awb-spacing-right-large:1.92%;--awb-margin-bottom-large:20px;--awb-spacing-left-large:1.92%;--awb-width-medium:100%;--awb-order-medium:0;--awb-spacing-right-medium:1.92%;--awb-spacing-left-medium:1.92%;--awb-width-small:100%;--awb-order-small:0;--awb-spacing-right-small:1.92%;--awb-spacing-left-small:1.92%;\"><div class=\"fusion-column-wrapper fusion-column-has-shadow fusion-flex-justify-content-flex-start fusion-content-layout-column\"><div class=\"fusion-text fusion-text-1\"><p style=\"font-weight: 400;\"><strong>Euroquip, situ\u00e9 \u00e0 <span style=\"font-style: var(--body_typography-font-style,normal); font-weight: var(--body_typography-font-weight);\">Industrielaan 16, 3900 Pelt<\/span>,<br \/>\nest responsable du traitement des donn\u00e9es \u00e0 caract\u00e8re personnel tel qu&rsquo;il est d\u00e9crit dans la pr\u00e9sente d\u00e9claration de confidentialit\u00e9.<\/strong><\/p>\n<p style=\"font-weight: 400;\"><em><span data-fusion-font=\"true\">V1.2023<\/span><\/em><\/p>\n<p style=\"font-weight: 400;\"><strong>Coordonn\u00e9es de la personne \u00e0 contacter :<\/strong><br \/>\n<span style=\"font-style: var(--body_typography-font-style,normal); font-weight: var(--body_typography-font-weight);\">https:\/\/www.www.Euroquip.be<br \/>\n<\/span><span style=\"font-style: var(--body_typography-font-style,normal); font-weight: var(--body_typography-font-weight);\">Industrielaan 16, 3900 Pelt<br \/>\n<\/span><span style=\"font-style: var(--body_typography-font-style,normal); font-weight: var(--body_typography-font-weight);\">+32 11 81 82 18<\/span><\/p>\n<p style=\"font-weight: 400;\"><strong>Donn\u00e9es personnelles que nous traitons<\/strong><\/p>\n<p style=\"font-weight: 400;\">Euroquip traite vos donn\u00e9es personnelles parce que vous utilisez nos services et\/ou parce que vous nous les fournissez vous-m\u00eame.<\/p>\n<p style=\"font-weight: 400;\">Vous trouverez ci-dessous un aper\u00e7u des donn\u00e9es personnelles que nous traitons :<br \/>\n<span style=\"font-style: var(--body_typography-font-style,normal); font-weight: var(--body_typography-font-weight);\">&#8211; Pr\u00e9nom et nom<br \/>\n<\/span><span style=\"font-style: var(--body_typography-font-style,normal); font-weight: var(--body_typography-font-weight);\">&#8211; Adresse<br \/>\n<\/span><span style=\"font-style: var(--body_typography-font-style,normal); font-weight: var(--body_typography-font-weight);\">&#8211; Num\u00e9ro de t\u00e9l\u00e9phone<br \/>\n<\/span><span style=\"font-style: var(--body_typography-font-style,normal); font-weight: var(--body_typography-font-weight);\">&#8211; Adresse \u00e9lectronique<br \/>\n<\/span><span style=\"font-style: var(--body_typography-font-style,normal); font-weight: var(--body_typography-font-weight);\">&#8211; D\u00e9tails de vos activit\u00e9s sur notre site web<\/span><\/p>\n<p style=\"font-weight: 400;\"><strong>Donn\u00e9es personnelles sp\u00e9ciales et\/ou sensibles que nous traitons<\/strong><\/p>\n<p style=\"font-weight: 400;\">Notre site web et\/ou service n&rsquo;a pas l&rsquo;intention de collecter des donn\u00e9es sur les visiteurs du site web \u00e2g\u00e9s de moins de 16 ans. Sauf s&rsquo;ils ont l&rsquo;autorisation d&rsquo;un parent ou d&rsquo;un tuteur. Cependant, nous ne pouvons pas v\u00e9rifier si un visiteur a plus de 16 ans. Nous conseillons donc aux parents de s&rsquo;impliquer dans les activit\u00e9s en ligne de leurs enfants afin d&rsquo;\u00e9viter la collecte de donn\u00e9es sur les enfants sans le consentement des parents. Si vous \u00eates convaincu que nous avons collect\u00e9 des donn\u00e9es personnelles sur un mineur sans ce consentement, veuillez nous contacter \u00e0 l&rsquo;adresse info@Euroquip.be et nous supprimerons ces informations.<\/p>\n<p style=\"font-weight: 400;\"><strong>Dans quel but et sur quelle base nous traitons les donn\u00e9es personnelles.<\/strong><\/p>\n<p style=\"font-weight: 400;\">Euroquip traite vos donn\u00e9es personnelles aux fins suivantes :<\/p>\n<p style=\"font-weight: 400;\">&#8211; Traitement de votre paiement<br \/>\n<span style=\"font-style: var(--body_typography-font-style,normal); font-weight: var(--body_typography-font-weight);\">&#8211; Pour vous fournir des biens et des services<br \/>\n<\/span><span style=\"font-style: var(--body_typography-font-style,normal); font-weight: var(--body_typography-font-weight);\">&#8211; Euroquip traite \u00e9galement des donn\u00e9es \u00e0 caract\u00e8re personnel si nous sommes l\u00e9galement oblig\u00e9s de le faire, comme les donn\u00e9es dont nous avons besoin pour notre d\u00e9claration d&rsquo;imp\u00f4ts.<\/span><\/p>\n<p style=\"font-weight: 400;\"><strong>Dur\u00e9e de conservation des donn\u00e9es personnelles<\/strong><\/p>\n<p style=\"font-weight: 400;\">Euroquip ne conservera pas vos donn\u00e9es personnelles plus longtemps que ce qui est strictement n\u00e9cessaire pour atteindre les objectifs pour lesquels vos donn\u00e9es ont \u00e9t\u00e9 collect\u00e9es.<\/p>\n<p style=\"font-weight: 400;\"><strong>Partage de donn\u00e9es personnelles avec des tiers<\/strong><\/p>\n<p style=\"font-weight: 400;\">Euroquip ne fournit des informations \u00e0 des tiers que lorsque cela est n\u00e9cessaire pour l&rsquo;ex\u00e9cution de notre contrat avec vous ou pour se conformer \u00e0 une obligation l\u00e9gale.<\/p>\n<p style=\"font-weight: 400;\"><strong>Cookies, ou techniques similaires, que nous utilisons<\/strong><\/p>\n<p style=\"font-weight: 400;\">Euroquip n&rsquo;utilise que des cookies techniques et fonctionnels. Et des cookies analytiques qui ne portent pas atteinte \u00e0 votre vie priv\u00e9e. Un cookie est un petit fichier texte qui est stock\u00e9 sur votre ordinateur, tablette ou smartphone lors de votre premi\u00e8re visite sur ce site web. Les cookies que nous utilisons sont n\u00e9cessaires au fonctionnement technique du site web et \u00e0 sa facilit\u00e9 d&rsquo;utilisation. Ils garantissent le bon fonctionnement du site web et, par exemple, se souviennent de vos pr\u00e9f\u00e9rences. Cela nous permet \u00e9galement d&rsquo;optimiser notre site web. Vous pouvez refuser les cookies en param\u00e9trant votre navigateur Internet de mani\u00e8re \u00e0 ce qu&rsquo;il ne stocke plus de cookies. En outre, vous pouvez \u00e9galement supprimer toutes les informations pr\u00e9c\u00e9demment stock\u00e9es via les param\u00e8tres de votre navigateur.<\/p>\n<p style=\"font-weight: 400;\"><strong>Visualiser, modifier ou supprimer des donn\u00e9es<\/strong><\/p>\n<p style=\"font-weight: 400;\">Vous avez le droit d&rsquo;acc\u00e9der \u00e0 vos donn\u00e9es personnelles, de les corriger ou de les supprimer. Vous avez \u00e9galement le droit de retirer votre \u00e9ventuel consentement au traitement des donn\u00e9es ou de vous opposer au traitement de vos donn\u00e9es personnelles par Euroquip, ainsi que le droit \u00e0 la portabilit\u00e9 des donn\u00e9es. Cela signifie que vous pouvez nous demander d&rsquo;envoyer les donn\u00e9es personnelles que nous d\u00e9tenons \u00e0 votre sujet dans un fichier informatique \u00e0 vous-m\u00eame ou \u00e0 une autre organisation que vous avez d\u00e9sign\u00e9e.<\/p>\n<p style=\"font-weight: 400;\">Vous pouvez envoyer une demande d&rsquo;acc\u00e8s, de correction, de suppression, de transfert de vos donn\u00e9es personnelles ou demander la r\u00e9vocation de votre consentement ou de votre objection au traitement de vos donn\u00e9es personnelles \u00e0 info@Euroquip.be.<\/p>\n<p style=\"font-weight: 400;\">Afin de s&rsquo;assurer que la demande de contr\u00f4le \u00e9mane bien de vous, nous vous demandons d&rsquo;accompagner votre demande d&rsquo;une copie de votre pi\u00e8ce d&rsquo;identit\u00e9. Sur cette copie, noircissez votre photo de passeport, la MRZ (zone de lecture automatique, la bande de chiffres au bas du passeport), le num\u00e9ro de passeport et le num\u00e9ro de service du citoyen (BSN). Ceci afin de prot\u00e9ger votre vie priv\u00e9e. Nous r\u00e9pondrons \u00e0 votre demande d\u00e8s que possible, mais dans un d\u00e9lai de quatre semaines.<\/p>\n<p style=\"font-weight: 400;\">Euroquip souhaite \u00e9galement vous informer que vous avez la possibilit\u00e9 de d\u00e9poser une plainte aupr\u00e8s du r\u00e9gulateur national, l&rsquo;Autorit\u00e9 des donn\u00e9es personnelles. Vous pouvez le faire via le lien suivant : https:\/\/www.autoriteitpersoonsgegevens.nl\/nl\/contact-met-de-autoriteit-persoonsgegevens\/tip-ons<\/p>\n<p style=\"font-weight: 400;\"><strong>Comment nous s\u00e9curisons les donn\u00e9es personnelles<\/strong><\/p>\n<p style=\"font-weight: 400;\">Euroquip prend au s\u00e9rieux la protection de vos donn\u00e9es et prend des mesures appropri\u00e9es pour emp\u00eacher l&rsquo;utilisation abusive, la perte, l&rsquo;acc\u00e8s non autoris\u00e9, la divulgation non d\u00e9sir\u00e9e et la modification non autoris\u00e9e. Si vous avez l&rsquo;impression que vos donn\u00e9es ne sont pas correctement s\u00e9curis\u00e9es ou qu&rsquo;il existe des indices d&rsquo;utilisation abusive, veuillez contacter notre service client\u00e8le ou info@Euroquip.be.<\/p>\n<\/div><\/div><\/div><\/div><\/div>\n","protected":false},"excerpt":{"rendered":"","protected":false},"author":1,"featured_media":0,"parent":0,"menu_order":0,"comment_status":"closed","ping_status":"closed","template":"","meta":{"footnotes":""},"class_list":["post-8366","page","type-page","status-publish","hentry"],"_links":{"self":[{"href":"https:\/\/www.euroquip.be\/fr\/wp-json\/wp\/v2\/pages\/8366","targetHints":{"allow":["GET"]}}],"collection":[{"href":"https:\/\/www.euroquip.be\/fr\/wp-json\/wp\/v2\/pages"}],"about":[{"href":"https:\/\/www.euroquip.be\/fr\/wp-json\/wp\/v2\/types\/page"}],"author":[{"embeddable":true,"href":"https:\/\/www.euroquip.be\/fr\/wp-json\/wp\/v2\/users\/1"}],"replies":[{"embeddable":true,"href":"https:\/\/www.euroquip.be\/fr\/wp-json\/wp\/v2\/comments?post=8366"}],"version-history":[{"count":5,"href":"https:\/\/www.euroquip.be\/fr\/wp-json\/wp\/v2\/pages\/8366\/revisions"}],"predecessor-version":[{"id":8374,"href":"https:\/\/www.euroquip.be\/fr\/wp-json\/wp\/v2\/pages\/8366\/revisions\/8374"}],"wp:attachment":[{"href":"https:\/\/www.euroquip.be\/fr\/wp-json\/wp\/v2\/media?parent=8366"}],"curies":[{"name":"wp","href":"https:\/\/api.w.org\/{rel}","templated":true}]}}