{"id":7473,"date":"2021-11-10T17:59:09","date_gmt":"2021-11-10T17:59:09","guid":{"rendered":"http:\/\/185.94.230.102\/~euroquip\/nos-offres-demploi\/"},"modified":"2023-08-31T08:25:13","modified_gmt":"2023-08-31T08:25:13","slug":"nos-offres-demploi","status":"publish","type":"page","link":"https:\/\/www.euroquip.be\/fr\/nos-offres-demploi\/","title":{"rendered":"Offres d&#8217;emploi"},"content":{"rendered":"<div class=\"fusion-fullwidth fullwidth-box fusion-builder-row-1 fusion-flex-container fusion-parallax-fixed nonhundred-percent-fullwidth non-hundred-percent-height-scrolling lazyload\" style=\"--awb-border-radius-top-left:0px;--awb-border-radius-top-right:0px;--awb-border-radius-bottom-right:0px;--awb-border-radius-bottom-left:0px;--awb-background-size:cover;--awb-flex-wrap:wrap;background-attachment:fixed;\" data-bg=\"https:\/\/www.euroquip.be\/wp-content\/uploads\/2023\/03\/euroquip_cirkels.png\" ><div class=\"fusion-builder-row fusion-row fusion-flex-align-items-flex-start fusion-flex-content-wrap\" style=\"max-width:1216.8px;margin-left: calc(-4% \/ 2 );margin-right: calc(-4% \/ 2 );\"><div class=\"fusion-layout-column fusion_builder_column fusion-builder-column-0 fusion_builder_column_1_1 1_1 fusion-flex-column fusion-animated\" style=\"--awb-bg-size:cover;--awb-width-large:100%;--awb-margin-top-large:69px;--awb-spacing-right-large:1.92%;--awb-margin-bottom-large:70px;--awb-spacing-left-large:1.92%;--awb-width-medium:100%;--awb-order-medium:0;--awb-spacing-right-medium:1.92%;--awb-spacing-left-medium:1.92%;--awb-width-small:100%;--awb-order-small:0;--awb-spacing-right-small:1.92%;--awb-margin-bottom-small:40px;--awb-spacing-left-small:1.92%;\" data-animationType=\"fadeInUp\" data-animationDuration=\"1.3\" data-animationOffset=\"top-into-view\"><div class=\"fusion-column-wrapper fusion-column-has-shadow fusion-flex-justify-content-flex-start fusion-content-layout-column\"><div class=\"fusion-post-cards fusion-post-cards-1 fusion-grid-archive fusion-grid-columns-1 fusion-grid-flex-grow\" style=\"--awb-column-spacing:0px;--awb-columns:1;\"><ul class=\"fusion-grid fusion-grid-1 fusion-flex-align-items-flex-start fusion-grid-posts-cards\"><li class=\"fusion-layout-column fusion_builder_column fusion-builder-column-1 fusion-flex-column post-card fusion-grid-column fusion-post-cards-grid-column\" style=\"--awb-bg-blend:overlay;--awb-bg-size:cover;--awb-flex-grow:0;--awb-flex-shrink:0;--awb-flex-grow-medium:0;--awb-flex-shrink-medium:0;--awb-flex-grow-small:0;--awb-flex-shrink-small:0;\"><div class=\"fusion-column-wrapper fusion-flex-justify-content-flex-start fusion-content-layout-column\"><div class=\"fusion-builder-row fusion-builder-row-inner fusion-row fusion-flex-align-items-flex-start fusion-flex-content-wrap\" style=\"width:104% !important;max-width:104% !important;margin-left: calc(-4% \/ 2 );margin-right: calc(-4% \/ 2 );\"><div class=\"fusion-layout-column fusion_builder_column_inner fusion-builder-nested-column-0 fusion_builder_column_inner_1_2 1_2 fusion-flex-column fusion-flex-align-self-stretch\" style=\"--awb-padding-top:85px;--awb-padding-right:85px;--awb-padding-bottom:85px;--awb-padding-left:85px;--awb-bg-color:hsla(var(--awb-color4-h),var(--awb-color4-s),var(--awb-color4-l),calc( var(--awb-color4-a) - 90% ));--awb-bg-color-hover:hsla(var(--awb-color4-h),var(--awb-color4-s),var(--awb-color4-l),calc( var(--awb-color4-a) - 90% ));--awb-bg-size:cover;--awb-width-large:50%;--awb-margin-top-large:0px;--awb-spacing-right-large:0px;--awb-margin-bottom-large:0px;--awb-spacing-left-large:3.84%;--awb-width-medium:100%;--awb-order-medium:1;--awb-spacing-right-medium:1.92%;--awb-spacing-left-medium:1.92%;--awb-width-small:100%;--awb-order-small:1;--awb-spacing-right-small:1.92%;--awb-margin-bottom-small:4px;--awb-spacing-left-small:1.92%;\"><div class=\"fusion-column-wrapper fusion-column-has-shadow fusion-flex-justify-content-space-between fusion-content-layout-column\"><div class=\"fusion-title title fusion-title-1 fusion-title-text fusion-title-size-three\" style=\"--awb-margin-right:0px;--awb-margin-bottom:20px;--awb-margin-left:0px;--awb-margin-top-small:10px;--awb-margin-right-small:0px;--awb-margin-bottom-small:50px;--awb-margin-left-small:0px;--awb-link-color:var(--awb-color7);--awb-font-size:34px;\"><div class=\"title-sep-container title-sep-container-left fusion-no-large-visibility fusion-no-medium-visibility fusion-no-small-visibility\"><div class=\"title-sep sep- sep-solid\" style=\"border-color:var(--awb-color3);\"><\/div><\/div><span class=\"awb-title-spacer fusion-no-large-visibility fusion-no-medium-visibility fusion-no-small-visibility\"><\/span><h3 class=\"fusion-title-heading title-heading-left fusion-responsive-typography-calculated\" style=\"margin:0;text-transform:none;font-size:1em;--fontSize:34;line-height:1.47;\"><a href=\"https:\/\/www.euroquip.be\/fr\/poste-vacant-demploye-polyvalent-service-interne-mv\/\" class=\"awb-custom-text-color awb-custom-text-hover-color\" target=\"_self\">Poste vacant d&#8217;employ\u00e9 polyvalent Service interne MV<\/a><\/h3><span class=\"awb-title-spacer\"><\/span><div class=\"title-sep-container title-sep-container-right\"><div class=\"title-sep sep- sep-solid\" style=\"border-color:var(--awb-color3);\"><\/div><\/div><\/div><div class=\"fusion-text fusion-text-1\" style=\"--awb-text-color:hsla(var(--awb-color7-h),var(--awb-color7-s),var(--awb-color7-l),calc( var(--awb-color7-a) - 11% ));--awb-margin-right:2vw;\"><p>Euroquip est sp\u00e9cialis\u00e9 dans les syst\u00e8mes de lubrification, les syst\u00e8mes de pesage, les syst\u00e8mes de pompage et les syst\u00e8mes de filtration, des g\u00e9n\u00e9rateurs et des outils \u00e0 main. Euroquip fournit, installe, r\u00e9pare et entretient. Nous offrons \u00e0 nos clients une solution globale pour les services techniques dans le BeNeLux. Principales t\u00e2ches et responsabilit\u00e9s ? En<\/p>\n<\/div><div class=\"fusion-separator fusion-full-width-sep\" style=\"align-self: center;margin-left: auto;margin-right: auto;flex-grow:1;margin-bottom:3vw;width:100%;\"><\/div><div ><a class=\"fusion-button button-flat fusion-button-default-size button-default fusion-button-default button-1 fusion-button-default-span fusion-button-default-type\" target=\"_self\" href=\"https:\/\/www.euroquip.be\/fr\/poste-vacant-demploye-polyvalent-service-interne-mv\/\"><span class=\"fusion-button-text awb-button__text awb-button__text--default\">En savoir plus<\/span><\/a><\/div><\/div><\/div><div class=\"fusion-layout-column fusion_builder_column_inner fusion-builder-nested-column-1 fusion_builder_column_inner_1_2 1_2 fusion-flex-column fusion-flex-align-self-stretch fusion-column-inner-bg-wrapper\" style=\"--awb-padding-top-small:100px;--awb-padding-bottom-small:100px;--awb-inner-bg-position:center center;--awb-inner-bg-size:cover;--awb-width-large:50%;--awb-margin-top-large:0px;--awb-spacing-right-large:3.84%;--awb-margin-bottom-large:0px;--awb-spacing-left-large:0px;--awb-width-medium:100%;--awb-order-medium:0;--awb-spacing-right-medium:1.92%;--awb-spacing-left-medium:1.92%;--awb-width-small:100%;--awb-order-small:0;--awb-spacing-right-small:1.92%;--awb-spacing-left-small:1.92%;\"><span class=\"fusion-column-inner-bg hover-type-zoomin\"><a class=\"fusion-column-anchor\" href=\"https:\/\/www.euroquip.be\/fr\/poste-vacant-demploye-polyvalent-service-interne-mv\/\"><span class=\"fusion-column-inner-bg-image lazyload\" data-bg=\"https:\/\/www.euroquip.be\/wp-content\/uploads\/2023\/03\/Euroquip_vacature_administratie.jpg\"><\/span><\/a><\/span><div class=\"fusion-column-wrapper fusion-column-has-shadow fusion-flex-justify-content-flex-start fusion-content-layout-column fusion-empty-column-bg-image fusion-column-has-bg-image\" data-bg-url=\"https:\/\/www.euroquip.be\/wp-content\/uploads\/2023\/03\/Euroquip_vacature_administratie.jpg\"><img decoding=\"async\" class=\"fusion-empty-dims-img-placeholder\" aria-label=\"Euroquip_vacature_administratie\" src=\"data:image\/svg+xml,%3Csvg%20xmlns%3D%27http%3A%2F%2Fwww.w3.org%2F2000%2Fsvg%27%20width%3D%272048%27%20height%3D%271536%27%20viewBox%3D%270%200%202048%201536%27%3E%3Crect%20width%3D%272048%27%20height%3D%271536%27%20fill-opacity%3D%220%22%2F%3E%3C%2Fsvg%3E\"><\/div><\/div><\/div><\/div><\/li>\n<li class=\"fusion-layout-column fusion_builder_column fusion-builder-column-2 fusion-flex-column post-card fusion-grid-column fusion-post-cards-grid-column\" style=\"--awb-bg-blend:overlay;--awb-bg-size:cover;--awb-flex-grow:0;--awb-flex-shrink:0;--awb-flex-grow-medium:0;--awb-flex-shrink-medium:0;--awb-flex-grow-small:0;--awb-flex-shrink-small:0;\"><div class=\"fusion-column-wrapper fusion-flex-justify-content-flex-start fusion-content-layout-column\"><div class=\"fusion-builder-row fusion-builder-row-inner fusion-row fusion-flex-align-items-flex-start fusion-flex-content-wrap\" style=\"width:104% !important;max-width:104% !important;margin-left: calc(-4% \/ 2 );margin-right: calc(-4% \/ 2 );\"><div class=\"fusion-layout-column fusion_builder_column_inner fusion-builder-nested-column-2 fusion_builder_column_inner_1_2 1_2 fusion-flex-column fusion-flex-align-self-stretch\" style=\"--awb-padding-top:85px;--awb-padding-right:85px;--awb-padding-bottom:85px;--awb-padding-left:85px;--awb-bg-color:hsla(var(--awb-color4-h),var(--awb-color4-s),var(--awb-color4-l),calc( var(--awb-color4-a) - 90% ));--awb-bg-color-hover:hsla(var(--awb-color4-h),var(--awb-color4-s),var(--awb-color4-l),calc( var(--awb-color4-a) - 90% ));--awb-bg-size:cover;--awb-width-large:50%;--awb-margin-top-large:0px;--awb-spacing-right-large:0px;--awb-margin-bottom-large:0px;--awb-spacing-left-large:3.84%;--awb-width-medium:100%;--awb-order-medium:1;--awb-spacing-right-medium:1.92%;--awb-spacing-left-medium:1.92%;--awb-width-small:100%;--awb-order-small:1;--awb-spacing-right-small:1.92%;--awb-margin-bottom-small:4px;--awb-spacing-left-small:1.92%;\"><div class=\"fusion-column-wrapper fusion-column-has-shadow fusion-flex-justify-content-space-between fusion-content-layout-column\"><div class=\"fusion-title title fusion-title-2 fusion-title-text fusion-title-size-three\" style=\"--awb-margin-right:0px;--awb-margin-bottom:20px;--awb-margin-left:0px;--awb-margin-top-small:10px;--awb-margin-right-small:0px;--awb-margin-bottom-small:50px;--awb-margin-left-small:0px;--awb-link-color:var(--awb-color7);--awb-font-size:34px;\"><div class=\"title-sep-container title-sep-container-left fusion-no-large-visibility fusion-no-medium-visibility fusion-no-small-visibility\"><div class=\"title-sep sep- sep-solid\" style=\"border-color:var(--awb-color3);\"><\/div><\/div><span class=\"awb-title-spacer fusion-no-large-visibility fusion-no-medium-visibility fusion-no-small-visibility\"><\/span><h3 class=\"fusion-title-heading title-heading-left fusion-responsive-typography-calculated\" style=\"margin:0;text-transform:none;font-size:1em;--fontSize:34;line-height:1.47;\"><a href=\"https:\/\/www.euroquip.be\/fr\/ingenieurs\/\" class=\"awb-custom-text-color awb-custom-text-hover-color\" target=\"_self\">Installateurs<\/a><\/h3><span class=\"awb-title-spacer\"><\/span><div class=\"title-sep-container title-sep-container-right\"><div class=\"title-sep sep- sep-solid\" style=\"border-color:var(--awb-color3);\"><\/div><\/div><\/div><div class=\"fusion-text fusion-text-2\" style=\"--awb-text-color:hsla(var(--awb-color7-h),var(--awb-color7-s),var(--awb-color7-l),calc( var(--awb-color7-a) - 11% ));--awb-margin-right:2vw;\"><p>Technicien polyvalent (h\/f) Pour le d\u00e9veloppement, l&rsquo;assemblage et la r\u00e9paration de nos pompes \u00e0 carburant, de nos syst\u00e8mes de lubrification et de pesage et de nos syst\u00e8mes de surpression dans tout le Benelux. Nous attendons : &#8211; Personne flexible en termes d&rsquo;horaires de travail &#8211; Capacit\u00e9 \u00e0 travailler de mani\u00e8re ind\u00e9pendante tout en ayant l&rsquo;esprit<\/p>\n<\/div><div class=\"fusion-separator fusion-full-width-sep\" style=\"align-self: center;margin-left: auto;margin-right: auto;flex-grow:1;margin-bottom:3vw;width:100%;\"><\/div><div ><a class=\"fusion-button button-flat fusion-button-default-size button-default fusion-button-default button-2 fusion-button-default-span fusion-button-default-type\" target=\"_self\" href=\"https:\/\/www.euroquip.be\/fr\/ingenieurs\/\"><span class=\"fusion-button-text awb-button__text awb-button__text--default\">En savoir plus<\/span><\/a><\/div><\/div><\/div><div class=\"fusion-layout-column fusion_builder_column_inner fusion-builder-nested-column-3 fusion_builder_column_inner_1_2 1_2 fusion-flex-column fusion-flex-align-self-stretch fusion-column-inner-bg-wrapper\" style=\"--awb-padding-top-small:100px;--awb-padding-bottom-small:100px;--awb-inner-bg-position:center center;--awb-inner-bg-size:cover;--awb-width-large:50%;--awb-margin-top-large:0px;--awb-spacing-right-large:3.84%;--awb-margin-bottom-large:0px;--awb-spacing-left-large:0px;--awb-width-medium:100%;--awb-order-medium:0;--awb-spacing-right-medium:1.92%;--awb-spacing-left-medium:1.92%;--awb-width-small:100%;--awb-order-small:0;--awb-spacing-right-small:1.92%;--awb-spacing-left-small:1.92%;\"><span class=\"fusion-column-inner-bg hover-type-zoomin\"><a class=\"fusion-column-anchor\" href=\"https:\/\/www.euroquip.be\/fr\/ingenieurs\/\"><span class=\"fusion-column-inner-bg-image lazyload\" data-bg=\"https:\/\/www.euroquip.be\/wp-content\/uploads\/2023\/03\/vacature-monteur_oxi.jpg\"><\/span><\/a><\/span><div class=\"fusion-column-wrapper fusion-column-has-shadow fusion-flex-justify-content-flex-start fusion-content-layout-column fusion-empty-column-bg-image fusion-column-has-bg-image\" data-bg-url=\"https:\/\/www.euroquip.be\/wp-content\/uploads\/2023\/03\/vacature-monteur_oxi.jpg\"><img decoding=\"async\" class=\"fusion-empty-dims-img-placeholder\" aria-label=\"vacature-monteur_oxi\" src=\"data:image\/svg+xml,%3Csvg%20xmlns%3D%27http%3A%2F%2Fwww.w3.org%2F2000%2Fsvg%27%20width%3D%27453%27%20height%3D%27263%27%20viewBox%3D%270%200%20453%20263%27%3E%3Crect%20width%3D%27453%27%20height%3D%27263%27%20fill-opacity%3D%220%22%2F%3E%3C%2Fsvg%3E\"><\/div><\/div><\/div><\/div><\/li>\n<li class=\"fusion-layout-column fusion_builder_column fusion-builder-column-3 fusion-flex-column post-card fusion-grid-column fusion-post-cards-grid-column\" style=\"--awb-bg-blend:overlay;--awb-bg-size:cover;--awb-flex-grow:0;--awb-flex-shrink:0;--awb-flex-grow-medium:0;--awb-flex-shrink-medium:0;--awb-flex-grow-small:0;--awb-flex-shrink-small:0;\"><div class=\"fusion-column-wrapper fusion-flex-justify-content-flex-start fusion-content-layout-column\"><div class=\"fusion-builder-row fusion-builder-row-inner fusion-row fusion-flex-align-items-flex-start fusion-flex-content-wrap\" style=\"width:104% !important;max-width:104% !important;margin-left: calc(-4% \/ 2 );margin-right: calc(-4% \/ 2 );\"><div class=\"fusion-layout-column fusion_builder_column_inner fusion-builder-nested-column-4 fusion_builder_column_inner_1_2 1_2 fusion-flex-column fusion-flex-align-self-stretch\" style=\"--awb-padding-top:85px;--awb-padding-right:85px;--awb-padding-bottom:85px;--awb-padding-left:85px;--awb-bg-color:hsla(var(--awb-color4-h),var(--awb-color4-s),var(--awb-color4-l),calc( var(--awb-color4-a) - 90% ));--awb-bg-color-hover:hsla(var(--awb-color4-h),var(--awb-color4-s),var(--awb-color4-l),calc( var(--awb-color4-a) - 90% ));--awb-bg-size:cover;--awb-width-large:50%;--awb-margin-top-large:0px;--awb-spacing-right-large:0px;--awb-margin-bottom-large:0px;--awb-spacing-left-large:3.84%;--awb-width-medium:100%;--awb-order-medium:1;--awb-spacing-right-medium:1.92%;--awb-spacing-left-medium:1.92%;--awb-width-small:100%;--awb-order-small:1;--awb-spacing-right-small:1.92%;--awb-margin-bottom-small:4px;--awb-spacing-left-small:1.92%;\"><div class=\"fusion-column-wrapper fusion-column-has-shadow fusion-flex-justify-content-space-between fusion-content-layout-column\"><div class=\"fusion-title title fusion-title-3 fusion-title-text fusion-title-size-three\" style=\"--awb-margin-right:0px;--awb-margin-bottom:20px;--awb-margin-left:0px;--awb-margin-top-small:10px;--awb-margin-right-small:0px;--awb-margin-bottom-small:50px;--awb-margin-left-small:0px;--awb-link-color:var(--awb-color7);--awb-font-size:34px;\"><div class=\"title-sep-container title-sep-container-left fusion-no-large-visibility fusion-no-medium-visibility fusion-no-small-visibility\"><div class=\"title-sep sep- sep-solid\" style=\"border-color:var(--awb-color3);\"><\/div><\/div><span class=\"awb-title-spacer fusion-no-large-visibility fusion-no-medium-visibility fusion-no-small-visibility\"><\/span><h3 class=\"fusion-title-heading title-heading-left fusion-responsive-typography-calculated\" style=\"margin:0;text-transform:none;font-size:1em;--fontSize:34;line-height:1.47;\"><a href=\"https:\/\/www.euroquip.be\/fr\/application-spontanee\/\" class=\"awb-custom-text-color awb-custom-text-hover-color\" target=\"_self\">Application spontan\u00e9e<\/a><\/h3><span class=\"awb-title-spacer\"><\/span><div class=\"title-sep-container title-sep-container-right\"><div class=\"title-sep sep- sep-solid\" style=\"border-color:var(--awb-color3);\"><\/div><\/div><\/div><div class=\"fusion-text fusion-text-3\" style=\"--awb-text-color:hsla(var(--awb-color7-h),var(--awb-color7-s),var(--awb-color7-l),calc( var(--awb-color7-a) - 11% ));--awb-margin-right:2vw;\"><p>\u00cates-vous l&rsquo;oiseau rare que nous recherchons chez Euroquip ? Pr\u00e9sentez-vous par e-mail ou par t\u00e9l\u00e9phone et qui sait, vous ferez peut-\u00eatre bient\u00f4t partie de notre \u00e9quipe ! par courrier \u00e9lectronique : info@euroquip.be par t\u00e9l\u00e9phone : +32 11 80 75 30<\/p>\n<\/div><div class=\"fusion-separator fusion-full-width-sep\" style=\"align-self: center;margin-left: auto;margin-right: auto;flex-grow:1;margin-bottom:3vw;width:100%;\"><\/div><div ><a class=\"fusion-button button-flat fusion-button-default-size button-default fusion-button-default button-3 fusion-button-default-span fusion-button-default-type\" target=\"_self\" href=\"https:\/\/www.euroquip.be\/fr\/application-spontanee\/\"><span class=\"fusion-button-text awb-button__text awb-button__text--default\">En savoir plus<\/span><\/a><\/div><\/div><\/div><div class=\"fusion-layout-column fusion_builder_column_inner fusion-builder-nested-column-5 fusion_builder_column_inner_1_2 1_2 fusion-flex-column fusion-flex-align-self-stretch fusion-column-inner-bg-wrapper\" style=\"--awb-padding-top-small:100px;--awb-padding-bottom-small:100px;--awb-inner-bg-position:center center;--awb-inner-bg-size:cover;--awb-width-large:50%;--awb-margin-top-large:0px;--awb-spacing-right-large:3.84%;--awb-margin-bottom-large:0px;--awb-spacing-left-large:0px;--awb-width-medium:100%;--awb-order-medium:0;--awb-spacing-right-medium:1.92%;--awb-spacing-left-medium:1.92%;--awb-width-small:100%;--awb-order-small:0;--awb-spacing-right-small:1.92%;--awb-spacing-left-small:1.92%;\"><span class=\"fusion-column-inner-bg hover-type-zoomin\"><a class=\"fusion-column-anchor\" href=\"https:\/\/www.euroquip.be\/fr\/application-spontanee\/\"><span class=\"fusion-column-inner-bg-image lazyload\" data-bg=\"https:\/\/www.euroquip.be\/wp-content\/uploads\/2023\/03\/Euroquip_vacature_spontaan.jpg\"><\/span><\/a><\/span><div class=\"fusion-column-wrapper fusion-column-has-shadow fusion-flex-justify-content-flex-start fusion-content-layout-column fusion-empty-column-bg-image fusion-column-has-bg-image\" data-bg-url=\"https:\/\/www.euroquip.be\/wp-content\/uploads\/2023\/03\/Euroquip_vacature_spontaan.jpg\"><img decoding=\"async\" class=\"fusion-empty-dims-img-placeholder\" aria-label=\"Euroquip_vacature_spontaan\" src=\"data:image\/svg+xml,%3Csvg%20xmlns%3D%27http%3A%2F%2Fwww.w3.org%2F2000%2Fsvg%27%20width%3D%272048%27%20height%3D%271536%27%20viewBox%3D%270%200%202048%201536%27%3E%3Crect%20width%3D%272048%27%20height%3D%271536%27%20fill-opacity%3D%220%22%2F%3E%3C%2Fsvg%3E\"><\/div><\/div><\/div><\/div><\/li>\n<\/ul><\/div><\/div><\/div><\/div><\/div>\n","protected":false},"excerpt":{"rendered":"","protected":false},"author":1,"featured_media":6894,"parent":0,"menu_order":0,"comment_status":"closed","ping_status":"closed","template":"100-width.php","meta":{"footnotes":""},"class_list":["post-7473","page","type-page","status-publish","has-post-thumbnail","hentry"],"_links":{"self":[{"href":"https:\/\/www.euroquip.be\/fr\/wp-json\/wp\/v2\/pages\/7473","targetHints":{"allow":["GET"]}}],"collection":[{"href":"https:\/\/www.euroquip.be\/fr\/wp-json\/wp\/v2\/pages"}],"about":[{"href":"https:\/\/www.euroquip.be\/fr\/wp-json\/wp\/v2\/types\/page"}],"author":[{"embeddable":true,"href":"https:\/\/www.euroquip.be\/fr\/wp-json\/wp\/v2\/users\/1"}],"replies":[{"embeddable":true,"href":"https:\/\/www.euroquip.be\/fr\/wp-json\/wp\/v2\/comments?post=7473"}],"version-history":[{"count":7,"href":"https:\/\/www.euroquip.be\/fr\/wp-json\/wp\/v2\/pages\/7473\/revisions"}],"predecessor-version":[{"id":8517,"href":"https:\/\/www.euroquip.be\/fr\/wp-json\/wp\/v2\/pages\/7473\/revisions\/8517"}],"wp:featuredmedia":[{"embeddable":true,"href":"https:\/\/www.euroquip.be\/fr\/wp-json\/wp\/v2\/media\/6894"}],"wp:attachment":[{"href":"https:\/\/www.euroquip.be\/fr\/wp-json\/wp\/v2\/media?parent=7473"}],"curies":[{"name":"wp","href":"https:\/\/api.w.org\/{rel}","templated":true}]}}