{"id":7469,"date":"2021-11-26T13:30:39","date_gmt":"2021-11-26T13:30:39","guid":{"rendered":"http:\/\/185.94.230.102\/~euroquip\/actualites\/"},"modified":"2023-06-29T08:27:56","modified_gmt":"2023-06-29T08:27:56","slug":"actualites","status":"publish","type":"page","link":"https:\/\/www.euroquip.be\/fr\/actualites\/","title":{"rendered":"Actualit\u00e9s"},"content":{"rendered":"<div class=\"fusion-fullwidth fullwidth-box fusion-builder-row-1 fusion-flex-container has-pattern-background has-mask-background fusion-parallax-fixed nonhundred-percent-fullwidth non-hundred-percent-height-scrolling lazyload\" style=\"--awb-border-radius-top-left:0px;--awb-border-radius-top-right:0px;--awb-border-radius-bottom-right:0px;--awb-border-radius-bottom-left:0px;--awb-background-size:cover;--awb-flex-wrap:wrap;background-attachment:fixed;\" data-bg=\"https:\/\/www.euroquip.be\/wp-content\/uploads\/2023\/03\/euroquip_cirkels.png\" ><div class=\"fusion-builder-row fusion-row fusion-flex-align-items-flex-start fusion-flex-content-wrap\" style=\"max-width:1216.8px;margin-left: calc(-4% \/ 2 );margin-right: calc(-4% \/ 2 );\"><div class=\"fusion-layout-column fusion_builder_column fusion-builder-column-0 fusion_builder_column_1_1 1_1 fusion-flex-column\" style=\"--awb-padding-top:70px;--awb-bg-size:cover;--awb-width-large:100%;--awb-margin-top-large:0px;--awb-spacing-right-large:1.92%;--awb-margin-bottom-large:20px;--awb-spacing-left-large:1.92%;--awb-width-medium:100%;--awb-order-medium:0;--awb-spacing-right-medium:1.92%;--awb-spacing-left-medium:1.92%;--awb-width-small:100%;--awb-order-small:0;--awb-spacing-right-small:1.92%;--awb-spacing-left-small:1.92%;\"><div class=\"fusion-column-wrapper fusion-column-has-shadow fusion-flex-justify-content-flex-start fusion-content-layout-column\"><div class=\"fusion-blog-shortcode fusion-blog-shortcode-1 fusion-blog-archive fusion-blog-layout-medium-alternate fusion-blog-infinite\" style=\"--awb-title-text-transform:uppercase;--awb-title-font-family:&quot;TrademarkerEQ&quot;;--awb-title-font-style:normal;--awb-title-font-weight:400;\"><div class=\"fusion-posts-container fusion-posts-container-infinite fusion-no-meta-info fusion-blog-rollover\" data-pages=\"1\"><article id=\"blog-1-post-9363\" class=\"fusion-post-medium-alternate post-9363 post type-post status-publish format-standard has-post-thumbnail hentry category-actualites category-annonce\">\n<div class=\"fusion-date-and-formats\"><div class=\"fusion-date-box updated\"><span class=\"fusion-date\">20<\/span><span class=\"fusion-month-year\">03, 2025<\/span><\/div><div class=\"fusion-format-box\"><i class=\"awb-icon-pen\" aria-hidden=\"true\"><\/i><\/div><\/div>\t<style type=\"text\/css\">\n\t\t\n\t\t\n\t\t\n\t\t\n\t\t\t<\/style>\n\n\n\t\t\t<div class=\"fusion-flexslider flexslider fusion-flexslider-loading fusion-post-slideshow\" style=\"\">\n\t\t<ul class=\"slides\">\n\t\t\t\n\t\t\t\t\t\t\t\t\t\t\t\t\t\t<li><div  class=\"fusion-image-wrapper fusion-image-size-fixed\" aria-haspopup=\"true\">\n\t\t\t\t<img decoding=\"async\" width=\"320\" height=\"202\" src=\"https:\/\/www.euroquip.be\/wp-content\/uploads\/2025\/03\/SKF_Euroquip_Luyckx-min-1-320x202.png\" class=\"attachment-blog-medium size-blog-medium lazyload wp-post-image\" alt=\"\" srcset=\"data:image\/svg+xml,%3Csvg%20xmlns%3D%27http%3A%2F%2Fwww.w3.org%2F2000%2Fsvg%27%20width%3D%271829%27%20height%3D%27843%27%20viewBox%3D%270%200%201829%20843%27%3E%3Crect%20width%3D%271829%27%20height%3D%27843%27%20fill-opacity%3D%220%22%2F%3E%3C%2Fsvg%3E\" data-orig-src=\"https:\/\/www.euroquip.be\/wp-content\/uploads\/2025\/03\/SKF_Euroquip_Luyckx-min-1-320x202.png\" data-srcset=\"https:\/\/www.euroquip.be\/wp-content\/uploads\/2025\/03\/SKF_Euroquip_Luyckx-min-1-320x202.png 320w, https:\/\/www.euroquip.be\/wp-content\/uploads\/2025\/03\/SKF_Euroquip_Luyckx-min-1-700x441.png 700w\" data-sizes=\"auto\" \/><div class=\"fusion-rollover\">\n\t<div class=\"fusion-rollover-content\">\n\n\t\t\t\t\n\t\t\n\t\t\t\t\t\t\t\t\t\t\t\t<h4 class=\"fusion-rollover-title\">\n\t\t\t\t\t<a class=\"fusion-rollover-title-link\" href=\"https:\/\/www.euroquip.be\/fr\/euroquip-et-luyckx-brillent-dans-une-nouvelle-video-skf-sur-la-lubrification-intelligente-p253\/\">\n\t\t\t\t\t\tEuroquip et Luyckx brillent dans une nouvelle vid\u00e9o SKF sur la lubrification intelligente P253\t\t\t\t\t<\/a>\n\t\t\t\t<\/h4>\n\t\t\t\n\t\t\t\t\t\t\t\t\t\t<div class=\"fusion-rollover-categories\"><a href=\"https:\/\/www.euroquip.be\/fr\/category\/actualites\/\" rel=\"tag\">Actualit\u00e9s<\/a>, <a href=\"https:\/\/www.euroquip.be\/fr\/category\/annonce\/\" rel=\"tag\">Annonce<\/a><\/div>\t\t\t\t\t\n\t\t\n\t\t\t\t\t\t<a class=\"fusion-link-wrapper\" href=\"https:\/\/www.euroquip.be\/fr\/euroquip-et-luyckx-brillent-dans-une-nouvelle-video-skf-sur-la-lubrification-intelligente-p253\/\" aria-label=\"Euroquip et Luyckx brillent dans une nouvelle vid\u00e9o SKF sur la lubrification intelligente P253\"><\/a>\n\t<\/div>\n<\/div>\n<\/div>\n<\/li>\n\t\t\t\n\t\t\t\n\t\t\t\t\t\t\t\t\t\t\t\t\t\t\t\t\t\t\t\t\t\t\t\t\t\t\t\t\t\t\t\t\t\t\t\t\t\t\t\t\t\t\t\t\t\t\t\t\t\t\t\t\t\t\t\t\t\t\t\t\t\t\t\t\t\t\t\t<\/ul>\n\t<\/div>\n\t<div class=\"fusion-post-content post-content\"><h2 class=\"blog-shortcode-post-title entry-title\">Euroquip et Luyckx brillent dans une nouvelle vid\u00e9o SKF sur la lubrification intelligente P253<\/h2><div class=\"fusion-post-content-container\"><p>   Regardez le teaser de la vid\u00e9o officielle SKF\/Lincoln pour la Smart Pump P253 ici ! La version compl\u00e8te se trouve -ici-! Nous tenons \u00e9galement \u00e0 remercier la soci\u00e9t\u00e9 Luyckx pour sa coop\u00e9ration sur cette vid\u00e9o<\/p><\/div><\/div><div class=\"fusion-clearfix\"><\/div><\/article>\n<article id=\"blog-1-post-8961\" class=\"fusion-post-medium-alternate post-8961 post type-post status-publish format-standard has-post-thumbnail hentry category-actualites category-annonce\">\n<div class=\"fusion-date-and-formats\"><div class=\"fusion-date-box updated\"><span class=\"fusion-date\">12<\/span><span class=\"fusion-month-year\">01, 2024<\/span><\/div><div class=\"fusion-format-box\"><i class=\"awb-icon-pen\" aria-hidden=\"true\"><\/i><\/div><\/div>\t<style type=\"text\/css\">\n\t\t\n\t\t\n\t\t\n\t\t\n\t\t\t<\/style>\n\n\n\t\t\t<div class=\"fusion-flexslider flexslider fusion-flexslider-loading fusion-post-slideshow\" style=\"\">\n\t\t<ul class=\"slides\">\n\t\t\t\n\t\t\t\t\t\t\t\t\t\t\t\t\t\t<li><div  class=\"fusion-image-wrapper fusion-image-size-fixed\" aria-haspopup=\"true\">\n\t\t\t\t<img decoding=\"async\" width=\"320\" height=\"202\" src=\"https:\/\/www.euroquip.be\/wp-content\/uploads\/2024\/01\/euroquip_bmair-320x202.png\" class=\"attachment-blog-medium size-blog-medium lazyload wp-post-image\" alt=\"\" srcset=\"data:image\/svg+xml,%3Csvg%20xmlns%3D%27http%3A%2F%2Fwww.w3.org%2F2000%2Fsvg%27%20width%3D%271025%27%20height%3D%27513%27%20viewBox%3D%270%200%201025%20513%27%3E%3Crect%20width%3D%271025%27%20height%3D%27513%27%20fill-opacity%3D%220%22%2F%3E%3C%2Fsvg%3E\" data-orig-src=\"https:\/\/www.euroquip.be\/wp-content\/uploads\/2024\/01\/euroquip_bmair-320x202.png\" data-srcset=\"https:\/\/www.euroquip.be\/wp-content\/uploads\/2024\/01\/euroquip_bmair-320x202.png 320w, https:\/\/www.euroquip.be\/wp-content\/uploads\/2024\/01\/euroquip_bmair-700x441.png 700w\" data-sizes=\"auto\" \/><div class=\"fusion-rollover\">\n\t<div class=\"fusion-rollover-content\">\n\n\t\t\t\t\n\t\t\n\t\t\t\t\t\t\t\t\t\t\t\t<h4 class=\"fusion-rollover-title\">\n\t\t\t\t\t<a class=\"fusion-rollover-title-link\" href=\"https:\/\/www.euroquip.be\/fr\/freshfilter-sappelle-desormais-bmair\/\">\n\t\t\t\t\t\tFreshfilter s&rsquo;appelle d\u00e9sormais BMAir !\t\t\t\t\t<\/a>\n\t\t\t\t<\/h4>\n\t\t\t\n\t\t\t\t\t\t\t\t\t\t<div class=\"fusion-rollover-categories\"><a href=\"https:\/\/www.euroquip.be\/fr\/category\/actualites\/\" rel=\"tag\">Actualit\u00e9s<\/a>, <a href=\"https:\/\/www.euroquip.be\/fr\/category\/annonce\/\" rel=\"tag\">Annonce<\/a><\/div>\t\t\t\t\t\n\t\t\n\t\t\t\t\t\t<a class=\"fusion-link-wrapper\" href=\"https:\/\/www.euroquip.be\/fr\/freshfilter-sappelle-desormais-bmair\/\" aria-label=\"Freshfilter s&rsquo;appelle d\u00e9sormais BMAir !\"><\/a>\n\t<\/div>\n<\/div>\n<\/div>\n<\/li>\n\t\t\t\n\t\t\t\n\t\t\t\t\t\t\t\t\t\t\t\t\t\t\t\t\t\t\t\t\t\t\t\t\t\t\t\t\t\t\t\t\t\t\t\t\t\t\t\t\t\t\t\t\t\t\t\t\t\t\t\t\t\t\t\t\t\t\t\t\t\t\t\t\t\t\t\t<\/ul>\n\t<\/div>\n\t<div class=\"fusion-post-content post-content\"><h2 class=\"blog-shortcode-post-title entry-title\">Freshfilter s&rsquo;appelle d\u00e9sormais BMAir !<\/h2><div class=\"fusion-post-content-container\"><p>Tr\u00e8s grande nouvelle pour les clients d'Euroquip-Freshfilter ; Freshfilter continuera dor\u00e9navant \u00e0 fonctionner sous le nom de BMAir ! Depuis la fusion d\u00e9but janvier 2024, Freshfilter et BMAir op\u00e8rent conjointement sous le nom de BMAir International B.V. Les<\/p><\/div><\/div><div class=\"fusion-clearfix\"><\/div><\/article>\n<article id=\"blog-1-post-8774\" class=\"fusion-post-medium-alternate post-8774 post type-post status-publish format-standard has-post-thumbnail hentry category-actualites category-juste\">\n<div class=\"fusion-date-and-formats\"><div class=\"fusion-date-box updated\"><span class=\"fusion-date\">27<\/span><span class=\"fusion-month-year\">09, 2023<\/span><\/div><div class=\"fusion-format-box\"><i class=\"awb-icon-pen\" aria-hidden=\"true\"><\/i><\/div><\/div>\t<style type=\"text\/css\">\n\t\t\n\t\t\n\t\t\n\t\t\n\t\t\t<\/style>\n\n\n\t\t\t<div class=\"fusion-flexslider flexslider fusion-flexslider-loading fusion-post-slideshow\" style=\"\">\n\t\t<ul class=\"slides\">\n\t\t\t\n\t\t\t\t\t\t\t\t\t\t\t\t\t\t<li><div  class=\"fusion-image-wrapper fusion-image-size-fixed\" aria-haspopup=\"true\">\n\t\t\t\t<img decoding=\"async\" width=\"320\" height=\"202\" src=\"https:\/\/www.euroquip.be\/wp-content\/uploads\/2023\/09\/InterAirport2023_800x600-2-320x202.png\" class=\"attachment-blog-medium size-blog-medium lazyload wp-post-image\" alt=\"\" srcset=\"data:image\/svg+xml,%3Csvg%20xmlns%3D%27http%3A%2F%2Fwww.w3.org%2F2000%2Fsvg%27%20width%3D%27800%27%20height%3D%27600%27%20viewBox%3D%270%200%20800%20600%27%3E%3Crect%20width%3D%27800%27%20height%3D%27600%27%20fill-opacity%3D%220%22%2F%3E%3C%2Fsvg%3E\" data-orig-src=\"https:\/\/www.euroquip.be\/wp-content\/uploads\/2023\/09\/InterAirport2023_800x600-2-320x202.png\" data-srcset=\"https:\/\/www.euroquip.be\/wp-content\/uploads\/2023\/09\/InterAirport2023_800x600-2-320x202.png 320w, https:\/\/www.euroquip.be\/wp-content\/uploads\/2023\/09\/InterAirport2023_800x600-2-700x441.png 700w\" data-sizes=\"auto\" \/><div class=\"fusion-rollover\">\n\t<div class=\"fusion-rollover-content\">\n\n\t\t\t\t\n\t\t\n\t\t\t\t\t\t\t\t\t\t\t\t<h4 class=\"fusion-rollover-title\">\n\t\t\t\t\t<a class=\"fusion-rollover-title-link\" href=\"https:\/\/www.euroquip.be\/fr\/inter-airport-munich\/\">\n\t\t\t\t\t\tInter Airport Munich\t\t\t\t\t<\/a>\n\t\t\t\t<\/h4>\n\t\t\t\n\t\t\t\t\t\t\t\t\t\t<div class=\"fusion-rollover-categories\"><a href=\"https:\/\/www.euroquip.be\/fr\/category\/actualites\/\" rel=\"tag\">Actualit\u00e9s<\/a>, <a href=\"https:\/\/www.euroquip.be\/fr\/category\/juste\/\" rel=\"tag\">Juste<\/a><\/div>\t\t\t\t\t\n\t\t\n\t\t\t\t\t\t<a class=\"fusion-link-wrapper\" href=\"https:\/\/www.euroquip.be\/fr\/inter-airport-munich\/\" aria-label=\"Inter Airport Munich\"><\/a>\n\t<\/div>\n<\/div>\n<\/div>\n<\/li>\n\t\t\t\n\t\t\t\n\t\t\t\t\t\t\t\t\t\t\t\t\t\t\t\t\t\t\t\t\t\t\t\t\t\t\t\t\t\t\t\t\t\t\t\t\t\t\t\t\t\t\t\t\t\t\t\t\t\t\t\t\t\t\t\t\t\t\t\t\t\t\t\t\t\t\t\t<\/ul>\n\t<\/div>\n\t<div class=\"fusion-post-content post-content\"><h2 class=\"blog-shortcode-post-title entry-title\">Inter Airport Munich<\/h2><div class=\"fusion-post-content-container\"><p>Du 10 au 13 octobre, Euroquip exposera avec les enrouleurs Reelcraft, les outils \u00e0 main SKF Lincoln, les cha\u00eenes \u00e0 neige automatiques RUD et l'Hydrocam de Pilgrim au salon Inter Airport \u00e0 Munich. Vous y verrez-vous ? Plus<\/p><\/div><\/div><div class=\"fusion-clearfix\"><\/div><\/article>\n<article id=\"blog-1-post-7502\" class=\"fusion-post-medium-alternate post-7502 post type-post status-publish format-standard has-post-thumbnail hentry category-actualites category-juste\">\n<div class=\"fusion-date-and-formats\"><div class=\"fusion-date-box updated\"><span class=\"fusion-date\">10<\/span><span class=\"fusion-month-year\">03, 2023<\/span><\/div><div class=\"fusion-format-box\"><i class=\"awb-icon-pen\" aria-hidden=\"true\"><\/i><\/div><\/div>\t<style type=\"text\/css\">\n\t\t\n\t\t\n\t\t\n\t\t\n\t\t\t<\/style>\n\n\n\t\t\t<div class=\"fusion-flexslider flexslider fusion-flexslider-loading fusion-post-slideshow\" style=\"\">\n\t\t<ul class=\"slides\">\n\t\t\t\n\t\t\t\t\t\t\t\t\t\t\t\t\t\t<li><div  class=\"fusion-image-wrapper fusion-image-size-fixed\" aria-haspopup=\"true\">\n\t\t\t\t<img decoding=\"async\" width=\"320\" height=\"202\" src=\"data:image\/svg+xml,%3Csvg%20xmlns%3D%27http%3A%2F%2Fwww.w3.org%2F2000%2Fsvg%27%20width%3D%27400%27%20height%3D%27400%27%20viewBox%3D%270%200%20400%20400%27%3E%3Crect%20width%3D%27400%27%20height%3D%27400%27%20fill-opacity%3D%220%22%2F%3E%3C%2Fsvg%3E\" class=\"attachment-blog-medium size-blog-medium lazyload wp-post-image\" alt=\"\" data-orig-src=\"https:\/\/www.euroquip.be\/wp-content\/uploads\/2023\/03\/Matexpo2023_Euroquip-320x202.png\" \/><div class=\"fusion-rollover\">\n\t<div class=\"fusion-rollover-content\">\n\n\t\t\t\t\n\t\t\n\t\t\t\t\t\t\t\t\t\t\t\t<h4 class=\"fusion-rollover-title\">\n\t\t\t\t\t<a class=\"fusion-rollover-title-link\" href=\"https:\/\/www.euroquip.be\/fr\/euroquip-recidive-matexpo-2023\/\">\n\t\t\t\t\t\tOn y va &#8211; Matexpo 2023\t\t\t\t\t<\/a>\n\t\t\t\t<\/h4>\n\t\t\t\n\t\t\t\t\t\t\t\t\t\t<div class=\"fusion-rollover-categories\"><a href=\"https:\/\/www.euroquip.be\/fr\/category\/actualites\/\" rel=\"tag\">Actualit\u00e9s<\/a>, <a href=\"https:\/\/www.euroquip.be\/fr\/category\/juste\/\" rel=\"tag\">Juste<\/a><\/div>\t\t\t\t\t\n\t\t\n\t\t\t\t\t\t<a class=\"fusion-link-wrapper\" href=\"https:\/\/www.euroquip.be\/fr\/euroquip-recidive-matexpo-2023\/\" aria-label=\"On y va &#8211; Matexpo 2023\"><\/a>\n\t<\/div>\n<\/div>\n<\/div>\n<\/li>\n\t\t\t\n\t\t\t\n\t\t\t\t\t\t\t\t\t\t\t\t\t\t\t\t\t\t\t\t\t\t\t\t\t\t\t\t\t\t\t\t\t\t\t\t\t\t\t\t\t\t\t\t\t\t\t\t\t\t\t\t\t\t\t\t\t\t\t\t\t\t\t\t\t\t\t\t<\/ul>\n\t<\/div>\n\t<div class=\"fusion-post-content post-content\"><h2 class=\"blog-shortcode-post-title entry-title\">On y va &#8211; Matexpo 2023<\/h2><div class=\"fusion-post-content-container\"><p>Le salon du mat\u00e9riel de construction f\u00eatera sa 40\u00e8me \u00e9dition du 6 au 10 septembre 2023 \u00e0 Kortrijk Xpo. Et Euroquip r\u00e9cidive ! Vous pouvez nous trouver dans notre \"coin\" habituel - plus d'informations plus tard ! Ps.<\/p><\/div><\/div><div class=\"fusion-clearfix\"><\/div><\/article>\n<article id=\"blog-1-post-7523\" class=\"fusion-post-medium-alternate post-7523 post type-post status-publish format-standard has-post-thumbnail hentry category-actualites category-annonce\">\n<div class=\"fusion-date-and-formats\"><div class=\"fusion-date-box updated\"><span class=\"fusion-date\">10<\/span><span class=\"fusion-month-year\">01, 2023<\/span><\/div><div class=\"fusion-format-box\"><i class=\"awb-icon-pen\" aria-hidden=\"true\"><\/i><\/div><\/div>\t<style type=\"text\/css\">\n\t\t\n\t\t\n\t\t\n\t\t\n\t\t\t<\/style>\n\n\n\t\t\t<div class=\"fusion-flexslider flexslider fusion-flexslider-loading fusion-post-slideshow\" style=\"\">\n\t\t<ul class=\"slides\">\n\t\t\t\n\t\t\t\t\t\t\t\t\t\t\t\t\t\t<li><div  class=\"fusion-image-wrapper fusion-image-size-fixed\" aria-haspopup=\"true\">\n\t\t\t\t<img decoding=\"async\" width=\"320\" height=\"202\" src=\"https:\/\/www.euroquip.be\/wp-content\/uploads\/2023\/03\/rud_01-320x202.jpg\" class=\"attachment-blog-medium size-blog-medium lazyload wp-post-image\" alt=\"\" srcset=\"data:image\/svg+xml,%3Csvg%20xmlns%3D%27http%3A%2F%2Fwww.w3.org%2F2000%2Fsvg%27%20width%3D%271080%27%20height%3D%271080%27%20viewBox%3D%270%200%201080%201080%27%3E%3Crect%20width%3D%271080%27%20height%3D%271080%27%20fill-opacity%3D%220%22%2F%3E%3C%2Fsvg%3E\" data-orig-src=\"https:\/\/www.euroquip.be\/wp-content\/uploads\/2023\/03\/rud_01-320x202.jpg\" data-srcset=\"https:\/\/www.euroquip.be\/wp-content\/uploads\/2023\/03\/rud_01-320x202.jpg 320w, https:\/\/www.euroquip.be\/wp-content\/uploads\/2023\/03\/rud_01-700x441.jpg 700w\" data-sizes=\"auto\" \/><div class=\"fusion-rollover\">\n\t<div class=\"fusion-rollover-content\">\n\n\t\t\t\t\n\t\t\n\t\t\t\t\t\t\t\t\t\t\t\t<h4 class=\"fusion-rollover-title\">\n\t\t\t\t\t<a class=\"fusion-rollover-title-link\" href=\"https:\/\/www.euroquip.be\/fr\/nouveau-chaines-a-neige-automatiques-rud\/\">\n\t\t\t\t\t\tNouveau : cha\u00eenes \u00e0 neige automatiques RUD !\t\t\t\t\t<\/a>\n\t\t\t\t<\/h4>\n\t\t\t\n\t\t\t\t\t\t\t\t\t\t<div class=\"fusion-rollover-categories\"><a href=\"https:\/\/www.euroquip.be\/fr\/category\/actualites\/\" rel=\"tag\">Actualit\u00e9s<\/a>, <a href=\"https:\/\/www.euroquip.be\/fr\/category\/annonce\/\" rel=\"tag\">Annonce<\/a><\/div>\t\t\t\t\t\n\t\t\n\t\t\t\t\t\t<a class=\"fusion-link-wrapper\" href=\"https:\/\/www.euroquip.be\/fr\/nouveau-chaines-a-neige-automatiques-rud\/\" aria-label=\"Nouveau : cha\u00eenes \u00e0 neige automatiques RUD !\"><\/a>\n\t<\/div>\n<\/div>\n<\/div>\n<\/li>\n\t\t\t\n\t\t\t\n\t\t\t\t\t\t\t\t\t\t\t\t\t\t\t\t\t\t\t\t\t\t\t\t\t\t\t\t\t\t\t\t\t\t\t\t\t\t\t\t\t\t\t\t\t\t\t\t\t\t\t\t\t\t\t\t\t\t\t\t\t\t\t\t\t\t\t\t<\/ul>\n\t<\/div>\n\t<div class=\"fusion-post-content post-content\"><h2 class=\"blog-shortcode-post-title entry-title\">Nouveau : cha\u00eenes \u00e0 neige automatiques RUD !<\/h2><div class=\"fusion-post-content-container\"><p>Euroquip est depuis longtemps le distributeur officiel des syst\u00e8mes Rotogrip de RUD. D\u00e9couvrez leur fonctionnement dans cette vid\u00e9o d'information :<\/p><\/div><\/div><div class=\"fusion-clearfix\"><\/div><\/article>\n<article id=\"blog-1-post-7501\" class=\"fusion-post-medium-alternate post-7501 post type-post status-publish format-standard has-post-thumbnail hentry category-annonce\">\n<div class=\"fusion-date-and-formats\"><div class=\"fusion-date-box updated\"><span class=\"fusion-date\">23<\/span><span class=\"fusion-month-year\">10, 2022<\/span><\/div><div class=\"fusion-format-box\"><i class=\"awb-icon-pen\" aria-hidden=\"true\"><\/i><\/div><\/div>\t<style type=\"text\/css\">\n\t\t\n\t\t\n\t\t\n\t\t\n\t\t\t<\/style>\n\n\n\t\t\t<div class=\"fusion-flexslider flexslider fusion-flexslider-loading fusion-post-slideshow\" style=\"\">\n\t\t<ul class=\"slides\">\n\t\t\t\n\t\t\t\t\t\t\t\t\t\t\t\t\t\t<li><div  class=\"fusion-image-wrapper fusion-image-size-fixed\" aria-haspopup=\"true\">\n\t\t\t\t<img decoding=\"async\" width=\"320\" height=\"202\" src=\"data:image\/svg+xml,%3Csvg%20xmlns%3D%27http%3A%2F%2Fwww.w3.org%2F2000%2Fsvg%27%20width%3D%27498%27%20height%3D%27353%27%20viewBox%3D%270%200%20498%20353%27%3E%3Crect%20width%3D%27498%27%20height%3D%27353%27%20fill-opacity%3D%220%22%2F%3E%3C%2Fsvg%3E\" class=\"attachment-blog-medium size-blog-medium lazyload wp-post-image\" alt=\"\" data-orig-src=\"https:\/\/www.euroquip.be\/wp-content\/uploads\/2023\/03\/daan_thi-320x202.jpg\" \/><div class=\"fusion-rollover\">\n\t<div class=\"fusion-rollover-content\">\n\n\t\t\t\t\n\t\t\n\t\t\t\t\t\t\t\t\t\t\t\t<h4 class=\"fusion-rollover-title\">\n\t\t\t\t\t<a class=\"fusion-rollover-title-link\" href=\"https:\/\/www.euroquip.be\/fr\/deces-de-danny-daan-soogen\/\">\n\t\t\t\t\t\tD\u00e9c\u00e8s de Danny \u00ab\u00a0Daan\u00a0\u00bb Soogen\t\t\t\t\t<\/a>\n\t\t\t\t<\/h4>\n\t\t\t\n\t\t\t\t\t\t\t\t\t\t<div class=\"fusion-rollover-categories\"><a href=\"https:\/\/www.euroquip.be\/fr\/category\/annonce\/\" rel=\"tag\">Annonce<\/a><\/div>\t\t\t\t\t\n\t\t\n\t\t\t\t\t\t<a class=\"fusion-link-wrapper\" href=\"https:\/\/www.euroquip.be\/fr\/deces-de-danny-daan-soogen\/\" aria-label=\"D\u00e9c\u00e8s de Danny \u00ab\u00a0Daan\u00a0\u00bb Soogen\"><\/a>\n\t<\/div>\n<\/div>\n<\/div>\n<\/li>\n\t\t\t\n\t\t\t\n\t\t\t\t\t\t\t\t\t\t\t\t\t\t\t\t\t\t\t\t\t\t\t\t\t\t\t\t\t\t\t\t\t\t\t\t\t\t\t\t\t\t\t\t\t\t\t\t\t\t\t\t\t\t\t\t\t\t\t\t\t\t\t\t\t\t\t\t<\/ul>\n\t<\/div>\n\t<div class=\"fusion-post-content post-content\"><h2 class=\"blog-shortcode-post-title entry-title\">D\u00e9c\u00e8s de Danny \u00ab\u00a0Daan\u00a0\u00bb Soogen<\/h2><div class=\"fusion-post-content-container\"><p>Notre Daan nous a quitt\u00e9s le 23 octobre, tu vas nous manquer. Danny, merci pour tout ce que tu as fait pour Euroquip, ton d\u00e9vouement, ... repose en paix. Il y a tant de choses que nous voulons<\/p><\/div><\/div><div class=\"fusion-clearfix\"><\/div><\/article>\n<\/div><\/div><\/div><\/div><\/div><\/div>\n","protected":false},"excerpt":{"rendered":"","protected":false},"author":1,"featured_media":8600,"parent":0,"menu_order":0,"comment_status":"closed","ping_status":"closed","template":"100-width.php","meta":{"footnotes":""},"class_list":["post-7469","page","type-page","status-publish","has-post-thumbnail","hentry"],"_links":{"self":[{"href":"https:\/\/www.euroquip.be\/fr\/wp-json\/wp\/v2\/pages\/7469","targetHints":{"allow":["GET"]}}],"collection":[{"href":"https:\/\/www.euroquip.be\/fr\/wp-json\/wp\/v2\/pages"}],"about":[{"href":"https:\/\/www.euroquip.be\/fr\/wp-json\/wp\/v2\/types\/page"}],"author":[{"embeddable":true,"href":"https:\/\/www.euroquip.be\/fr\/wp-json\/wp\/v2\/users\/1"}],"replies":[{"embeddable":true,"href":"https:\/\/www.euroquip.be\/fr\/wp-json\/wp\/v2\/comments?post=7469"}],"version-history":[{"count":6,"href":"https:\/\/www.euroquip.be\/fr\/wp-json\/wp\/v2\/pages\/7469\/revisions"}],"predecessor-version":[{"id":8397,"href":"https:\/\/www.euroquip.be\/fr\/wp-json\/wp\/v2\/pages\/7469\/revisions\/8397"}],"wp:featuredmedia":[{"embeddable":true,"href":"https:\/\/www.euroquip.be\/fr\/wp-json\/wp\/v2\/media\/8600"}],"wp:attachment":[{"href":"https:\/\/www.euroquip.be\/fr\/wp-json\/wp\/v2\/media?parent=7469"}],"curies":[{"name":"wp","href":"https:\/\/api.w.org\/{rel}","templated":true}]}}